{"id":17664,"date":"2025-03-26T16:31:16","date_gmt":"2025-03-26T15:31:16","guid":{"rendered":"https:\/\/fundacionnahuel.org\/politica-de-privacidad\/"},"modified":"2025-03-26T16:55:36","modified_gmt":"2025-03-26T15:55:36","slug":"politica-de-privacidad","status":"publish","type":"page","link":"https:\/\/www.fundacionnahuel.org\/es\/politica-de-privacidad\/","title":{"rendered":"Pol\u00edtica de privacidad"},"content":{"rendered":"\t\t<div data-elementor-type=\"wp-page\" data-elementor-id=\"17664\" class=\"elementor elementor-17664 elementor-17633\" data-elementor-post-type=\"page\">\n\t\t\t\t<div class=\"elementor-element elementor-element-af60997 e-flex e-con-boxed e-con e-parent\" data-id=\"af60997\" data-element_type=\"container\">\n\t\t\t\t\t<div class=\"e-con-inner\">\n\t\t\t\t\t<\/div>\n\t\t\t\t<\/div>\n\t\t<div class=\"elementor-element elementor-element-2d1f004 e-flex e-con-boxed e-con e-parent\" data-id=\"2d1f004\" data-element_type=\"container\">\n\t\t\t\t\t<div class=\"e-con-inner\">\n\t\t\t\t<div class=\"elementor-element elementor-element-a4d9645 elementor-widget elementor-widget-text-editor\" data-id=\"a4d9645\" data-element_type=\"widget\" data-widget_type=\"text-editor.default\">\n\t\t\t\t<div class=\"elementor-widget-container\">\n\t\t\t\t\t\t\t<h3> <\/h3><h3>POL\u00cdTICA DE PRIVACIDAD<\/h3><p> <\/p><p> <\/p><p>Fecha de entrada en vigor: 2025-03-06<\/p><p>Actualizado el: 2025-03-26<\/p><p>Esta Pol\u00edtica de Privacidad explica las pol\u00edticas de la Asociaci\u00f3n Nahuel sobre la recogida y uso de la informaci\u00f3n que recopilamos cuando accedes a<br>https:\/\/www.fundacionnahuel.org\/ (el &#8220;Servicio&#8221;). Esta Pol\u00edtica de Privacidad describe sus derechos de privacidad y c\u00f3mo est\u00e1 protegido por las leyes de privacidad. <\/p><p>Al utilizar nuestro Servicio, usted consiente la recogida y uso de su informaci\u00f3n de acuerdo con esta Pol\u00edtica de Privacidad. Por favor, no acceda ni utilice nuestro Servicio si no consiente la recogida y uso de su informaci\u00f3n tal y como se describe en esta Pol\u00edtica de Privacidad. Esta Pol\u00edtica de Privacidad ha sido creada con la ayuda de CookieScript Privacy Policy Generator.  <\/p><p>La Asociaci\u00f3n Nahuel est\u00e1 autorizada a modificar esta Pol\u00edtica de Privacidad en cualquier momento. Esto puede ocurrir sin previo aviso. <\/p><p>La Asociaci\u00f3n Nahuel publicar\u00e1 la Pol\u00edtica de Privacidad revisada en el sitio web https:\/\/www.fundacionnahuel.org\/.<\/p><p><strong> <\/strong><\/p><p><strong>RECOGIDA Y USO DE SUS DATOS PERSONALES<\/strong><\/p><p>INFORMACI\u00d3N QUE RECOPILAMOS<\/p><p>Al utilizar nuestro Servicio, se le pedir\u00e1 que nos proporcione informaci\u00f3n personal utilizada para ponernos en contacto con usted o identificarle. https:\/\/www.fundacionnahuel.org\/ recopila la siguiente informaci\u00f3n: <\/p><ul><li>Datos de uso<\/li><li>Nombre<\/li><li>Correo electr\u00f3nico<\/li><li>N\u00famero de m\u00f3vil<\/li><li>Direcci\u00f3n de trabajo<\/li><li>Domicilio<\/li><li>Informaci\u00f3n de pago<\/li><\/ul><p>Los Datos de Uso incluyen lo siguiente:<\/p><ul><li>Direcci\u00f3n del Protocolo de Internet (IP) de los ordenadores que acceden al sitio<\/li><li>Peticiones de p\u00e1ginas web<\/li><li>P\u00e1ginas web de referencia<\/li><li>Navegador utilizado para acceder al sitio<\/li><li>Fecha y hora de acceso<\/li><\/ul><p>C\u00d3MO RECOPILAMOS LA INFORMACI\u00d3N<\/p><p>https:\/\/www.fundacionnahuel.org\/ recopila y recibe informaci\u00f3n de usted de la siguiente manera:<\/p><ul><li>Cuando rellene un formulario de registro o env\u00ede de otro modo su informaci\u00f3n personal.<\/li><li>Cuando interact\u00faa con nuestro Servicio.<\/li><\/ul><p>Sus datos se conservar\u00e1n hasta 1.000 d\u00edas despu\u00e9s de que dejen de ser necesarios para prestarle los servicios. Su informaci\u00f3n podr\u00e1 conservarse durante per\u00edodos m\u00e1s largos para la elaboraci\u00f3n de informes o el mantenimiento de registros de conformidad con la legislaci\u00f3n aplicable. La informaci\u00f3n que no le identifique personalmente podr\u00e1 almacenarse indefinidamente.  <\/p><p>C\u00d3MO UTILIZAMOS SU INFORMACI\u00d3N<\/p><p>https:\/\/www.fundacionnahuel.org\/ puede utilizar su informaci\u00f3n para los siguientes fines:<\/p><ul><li><strong>Proporcionar y mantener nuestro<\/strong> Servicio, as\u00ed como supervisar el uso de nuestro Servicio.<\/li><li><strong>Para otros fines<\/strong>. La Asociaci\u00f3n Nahuel utilizar\u00e1 su informaci\u00f3n para el an\u00e1lisis de datos para identificar las tendencias de uso o determinar la eficacia de nuestras campa\u00f1as de marketing cuando sea razonable. Utilizaremos su informaci\u00f3n para evaluar y mejorar nuestro Servicio, productos, servicios y esfuerzos de marketing.  <\/li><li><strong>Gesti\u00f3n de su cuenta<\/strong>. Sus Datos Personales pueden permitir el acceso a m\u00faltiples funciones de nuestro Servicio que est\u00e1n disponibles para los usuarios registrados. <\/li><li><strong>Para la ejecuci\u00f3n de un contrato<\/strong>. Sus Datos Personales ayudar\u00e1n al desarrollo, realizaci\u00f3n y cumplimiento de un contrato de compra de productos o servicios que haya adquirido a trav\u00e9s de nuestro Servicio. <\/li><li><strong>Para ponernos en contacto con usted<\/strong>. La Asociaci\u00f3n Nahuel se pondr\u00e1 en contacto contigo por correo electr\u00f3nico, tel\u00e9fono, SMS u otra forma de comunicaci\u00f3n electr\u00f3nica relacionada con las funciones, productos, servicios o actualizaciones de seguridad cuando sea necesario o razonable. <\/li><li><strong>Para ponerle al d\u00eda<\/strong> con noticias, informaci\u00f3n general, ofertas especiales, nuevos servicios y eventos.<\/li><li><strong>Iniciativas de marketing y promoci\u00f3n<\/strong>. La Asociaci\u00f3n Nahuel utilizar\u00e1 la informaci\u00f3n no espec\u00edfica obtenida de usted con el fin de mejorar nuestros esfuerzos de marketing. <\/li><li><strong>Informaci\u00f3n administrativa<\/strong>. Sus Datos Personales se utilizar\u00e1n como parte del funcionamiento de nuestras pr\u00e1cticas de Administraci\u00f3n del sitio web. <\/li><\/ul><p>C\u00d3MO COMPARTIMOS SU INFORMACI\u00d3N<\/p><p>La Asociaci\u00f3n Nahuel compartir\u00e1 su informaci\u00f3n, cuando proceda, en las siguientes situaciones:<\/p><ul><li><strong>Con su consentimiento<\/strong>. La Asociaci\u00f3n Nahuel compartir\u00e1 su informaci\u00f3n para cualquier prop\u00f3sito con su consentimiento expl\u00edcito. <\/li><li><strong>Para transferencias de negocios<\/strong>. Su informaci\u00f3n ser\u00e1 compartida en caso de conexi\u00f3n, negociaci\u00f3n, fusi\u00f3n, venta de activos comerciales, financiaci\u00f3n o adquisici\u00f3n<br>de la totalidad o parte de nuestro negocio con otra empresa. <\/li><\/ul><p>USO COMPARTIDO POR TERCEROS<\/p><p>Su informaci\u00f3n puede ser divulgada por razones adicionales, incluyendo:<\/p><ul><li>Cumplir las leyes, reglamentos u \u00f3rdenes judiciales aplicables.<\/li><li>Responder a reclamaciones de que su uso de nuestro Servicio viola derechos de terceros.<\/li><li>Hacer cumplir los acuerdos que usted suscriba con nosotros, incluida la presente Pol\u00edtica de Privacidad.<\/li><\/ul><p><strong>COOKIES<\/strong><\/p><p>Las cookies son peque\u00f1os archivos de texto que los sitios web que visita colocan en su ordenador. Los sitios web utilizan cookies para ayudar a los usuarios a navegar eficientemente y realizar ciertas funciones. Las cookies necesarias para que el sitio web funcione correctamente pueden instalarse sin su permiso. Todas las dem\u00e1s cookies deben ser aprobadas antes de poder instalarse en el navegador.   <\/p><ul><li>Cookies estrictamente necesarias. Las cookies estrictamente necesarias permiten la funcionalidad b\u00e1sica del sitio web, como el inicio de sesi\u00f3n del usuario y la gesti\u00f3n de cuentas. El sitio web no puede utilizarse correctamente sin las cookies estrictamente necesarias.  <\/li><li>Cookies de rendimiento. Las cookies de rendimiento se utilizan para ver c\u00f3mo los visitantes utilizan el sitio web, por ejemplo, las cookies anal\u00edticas. Estas cookies no pueden utilizarse para identificar directamente a un visitante determinado.   <\/li><li>Cookies de segmentaci\u00f3n. Las cookies de segmentaci\u00f3n se utilizan para identificar a los visitantes entre diferentes sitios web, por ejemplo, socios de contenido, redes de banners. Estas cookies pueden ser utilizadas por empresas para crear un perfil de los intereses de los visitantes o mostrar anuncios relevantes en otros sitios web.   <\/li><li>Cookies funcionales. Las cookies de funcionalidad se utilizan para recordar informaci\u00f3n del visitante en el sitio web, por ejemplo, idioma, zona horaria, contenido mejorado.  <\/li><li>Cookies no clasificadas. Las cookies no clasificadas son cookies que no pertenecen a ninguna otra categor\u00eda o est\u00e1n en proceso de categorizaci\u00f3n. <\/li><\/ul><p>Puede cambiar su consentimiento para el uso de cookies a continuaci\u00f3n.<\/p>\t\t\t\t\t\t<\/div>\n\t\t\t\t<\/div>\n\t\t\t\t<div class=\"elementor-element elementor-element-371e24b elementor-widget elementor-widget-html\" data-id=\"371e24b\" data-element_type=\"widget\" data-widget_type=\"html.default\">\n\t\t\t\t<div class=\"elementor-widget-container\">\n\t\t\t<script type=\"text\/javascript\" charSet=\"UTF-8\" data-cookiescriptreport=\"report\" src=\/\/report.cookie-script.com\/r\/882a6ca898ff1419686bba204baf0905.js> <\/script>\t\t<\/div>\n\t\t\t\t<\/div>\n\t\t\t\t<div class=\"elementor-element elementor-element-a504f5e elementor-widget elementor-widget-text-editor\" data-id=\"a504f5e\" data-element_type=\"widget\" data-widget_type=\"text-editor.default\">\n\t\t\t\t<div class=\"elementor-widget-container\">\n\t\t\t\t\t\t\t<p> <\/p><p><strong>SEGURIDAD<\/strong><\/p><p>La seguridad de su informaci\u00f3n es importante para nosotros. https:\/\/www.fundacionnahuel.org\/ utiliza una serie de medidas de seguridad para evitar el uso indebido, la p\u00e9rdida o la alteraci\u00f3n de la informaci\u00f3n que nos ha facilitado. No obstante, dado que no podemos garantizar la seguridad de la informaci\u00f3n que nos facilitas, debes acceder a nuestro servicio bajo tu propia responsabilidad.  <\/p><p>La Asociaci\u00f3n Nahuel no se responsabiliza del funcionamiento de los sitios web operados por terceros ni de tus interacciones con ellos. Cuando abandone este sitio web, le recomendamos que revise las pr\u00e1cticas de privacidad de otros sitios web con los que interact\u00fae y determine la idoneidad de dichas pr\u00e1cticas. <\/p><p><strong>CONT\u00c1CTANOS<\/strong><\/p><p>Para cualquier consulta, p\u00f3ngase en contacto con nosotros a trav\u00e9s de los siguientes medios:<\/p><p>Nombre: Nahuel Association<\/p><p>Direcci\u00f3n: Am B\u00e4chli 12, 8805 Richterswil<\/p><p>Correo electr\u00f3nico: info@fundacionnahuel.org<\/p><p>P\u00e1gina web: https:\/\/www.fundacionnahuel.org\/<\/p>\t\t\t\t\t\t<\/div>\n\t\t\t\t<\/div>\n\t\t\t\t\t<\/div>\n\t\t\t\t<\/div>\n\t\t\t\t<\/div>\n\t\t","protected":false},"excerpt":{"rendered":"<p>POL\u00cdTICA DE PRIVACIDAD Fecha de entrada en vigor: 2025-03-06 Actualizado el: 2025-03-26 Esta Pol\u00edtica de Privacidad explica las pol\u00edticas de la Asociaci\u00f3n Nahuel sobre la recogida y uso de la informaci\u00f3n que recopilamos cuando accedes ahttps:\/\/www.fundacionnahuel.org\/ (el &#8220;Servicio&#8221;). Esta Pol\u00edtica de Privacidad describe sus derechos de privacidad y c\u00f3mo est\u00e1 protegido por las leyes de [&hellip;]<\/p>\n","protected":false},"author":2,"featured_media":0,"parent":0,"menu_order":0,"comment_status":"closed","ping_status":"closed","template":"","meta":{"inline_featured_image":false,"footnotes":""},"class_list":["post-17664","page","type-page","status-publish","hentry"],"yoast_head":"<!-- This site is optimized with the Yoast SEO plugin v27.5 - https:\/\/yoast.com\/product\/yoast-seo-wordpress\/ -->\n<title>Pol\u00edtica de privacidad - Fundaci\u00f3n Nahuel<\/title>\n<meta name=\"robots\" content=\"index, follow, max-snippet:-1, max-image-preview:large, max-video-preview:-1\" \/>\n<link rel=\"canonical\" href=\"https:\/\/www.fundacionnahuel.org\/es\/politica-de-privacidad\/\" \/>\n<meta property=\"og:locale\" content=\"es_ES\" \/>\n<meta property=\"og:type\" content=\"article\" \/>\n<meta property=\"og:title\" content=\"Pol\u00edtica de privacidad - Fundaci\u00f3n Nahuel\" \/>\n<meta property=\"og:description\" content=\"POL\u00cdTICA DE PRIVACIDAD Fecha de entrada en vigor: 2025-03-06 Actualizado el: 2025-03-26 Esta Pol\u00edtica de Privacidad explica las pol\u00edticas de la Asociaci\u00f3n Nahuel sobre la recogida y uso de la informaci\u00f3n que recopilamos cuando accedes ahttps:\/\/www.fundacionnahuel.org\/ (el &#8220;Servicio&#8221;). Esta Pol\u00edtica de Privacidad describe sus derechos de privacidad y c\u00f3mo est\u00e1 protegido por las leyes de [&hellip;]\" \/>\n<meta property=\"og:url\" content=\"https:\/\/www.fundacionnahuel.org\/es\/politica-de-privacidad\/\" \/>\n<meta property=\"og:site_name\" content=\"Fundaci\u00f3n Nahuel\" \/>\n<meta property=\"article:modified_time\" content=\"2025-03-26T15:55:36+00:00\" \/>\n<meta property=\"og:image\" content=\"https:\/\/www.fundacionnahuel.org\/wp-content\/uploads\/2025\/03\/Nahuel_openPgraph.jpg\" \/>\n\t<meta property=\"og:image:width\" content=\"1200\" \/>\n\t<meta property=\"og:image:height\" content=\"675\" \/>\n\t<meta property=\"og:image:type\" content=\"image\/jpeg\" \/>\n<meta name=\"twitter:card\" content=\"summary_large_image\" \/>\n<script type=\"application\/ld+json\" class=\"yoast-schema-graph\">{\"@context\":\"https:\\\/\\\/schema.org\",\"@graph\":[{\"@type\":\"WebPage\",\"@id\":\"https:\\\/\\\/www.fundacionnahuel.org\\\/es\\\/politica-de-privacidad\\\/\",\"url\":\"https:\\\/\\\/www.fundacionnahuel.org\\\/es\\\/politica-de-privacidad\\\/\",\"name\":\"Pol\u00edtica de privacidad - Fundaci\u00f3n Nahuel\",\"isPartOf\":{\"@id\":\"https:\\\/\\\/www.fundacionnahuel.org\\\/es\\\/#website\"},\"datePublished\":\"2025-03-26T15:31:16+00:00\",\"dateModified\":\"2025-03-26T15:55:36+00:00\",\"breadcrumb\":{\"@id\":\"https:\\\/\\\/www.fundacionnahuel.org\\\/es\\\/politica-de-privacidad\\\/#breadcrumb\"},\"inLanguage\":\"es\",\"potentialAction\":[{\"@type\":\"ReadAction\",\"target\":[\"https:\\\/\\\/www.fundacionnahuel.org\\\/es\\\/politica-de-privacidad\\\/\"]}]},{\"@type\":\"BreadcrumbList\",\"@id\":\"https:\\\/\\\/www.fundacionnahuel.org\\\/es\\\/politica-de-privacidad\\\/#breadcrumb\",\"itemListElement\":[{\"@type\":\"ListItem\",\"position\":1,\"name\":\"Home\",\"item\":\"https:\\\/\\\/www.fundacionnahuel.org\\\/es\\\/\"},{\"@type\":\"ListItem\",\"position\":2,\"name\":\"Pol\u00edtica de privacidad\"}]},{\"@type\":\"WebSite\",\"@id\":\"https:\\\/\\\/www.fundacionnahuel.org\\\/es\\\/#website\",\"url\":\"https:\\\/\\\/www.fundacionnahuel.org\\\/es\\\/\",\"name\":\"Fundaci\u00f3n Nahuel\",\"description\":\"Transforming Lives Through Education and Care\",\"publisher\":{\"@id\":\"https:\\\/\\\/www.fundacionnahuel.org\\\/es\\\/#organization\"},\"alternateName\":\"Nahuel\",\"inLanguage\":\"es\"},{\"@type\":\"Organization\",\"@id\":\"https:\\\/\\\/www.fundacionnahuel.org\\\/es\\\/#organization\",\"name\":\"Fundaci\u00f3n Nahuel\",\"alternateName\":\"Nahuel\",\"url\":\"https:\\\/\\\/www.fundacionnahuel.org\\\/es\\\/\",\"logo\":{\"@type\":\"ImageObject\",\"inLanguage\":\"es\",\"@id\":\"https:\\\/\\\/www.fundacionnahuel.org\\\/es\\\/#\\\/schema\\\/logo\\\/image\\\/\",\"url\":\"https:\\\/\\\/www.fundacionnahuel.org\\\/wp-content\\\/uploads\\\/2025\\\/03\\\/Nahuel_Logo.jpg\",\"contentUrl\":\"https:\\\/\\\/www.fundacionnahuel.org\\\/wp-content\\\/uploads\\\/2025\\\/03\\\/Nahuel_Logo.jpg\",\"width\":696,\"height\":696,\"caption\":\"Fundaci\u00f3n Nahuel\"},\"image\":{\"@id\":\"https:\\\/\\\/www.fundacionnahuel.org\\\/es\\\/#\\\/schema\\\/logo\\\/image\\\/\"}}]}<\/script>\n<!-- \/ Yoast SEO plugin. -->","yoast_head_json":{"title":"Pol\u00edtica de privacidad - Fundaci\u00f3n Nahuel","robots":{"index":"index","follow":"follow","max-snippet":"max-snippet:-1","max-image-preview":"max-image-preview:large","max-video-preview":"max-video-preview:-1"},"canonical":"https:\/\/www.fundacionnahuel.org\/es\/politica-de-privacidad\/","og_locale":"es_ES","og_type":"article","og_title":"Pol\u00edtica de privacidad - Fundaci\u00f3n Nahuel","og_description":"POL\u00cdTICA DE PRIVACIDAD Fecha de entrada en vigor: 2025-03-06 Actualizado el: 2025-03-26 Esta Pol\u00edtica de Privacidad explica las pol\u00edticas de la Asociaci\u00f3n Nahuel sobre la recogida y uso de la informaci\u00f3n que recopilamos cuando accedes ahttps:\/\/www.fundacionnahuel.org\/ (el &#8220;Servicio&#8221;). Esta Pol\u00edtica de Privacidad describe sus derechos de privacidad y c\u00f3mo est\u00e1 protegido por las leyes de [&hellip;]","og_url":"https:\/\/www.fundacionnahuel.org\/es\/politica-de-privacidad\/","og_site_name":"Fundaci\u00f3n Nahuel","article_modified_time":"2025-03-26T15:55:36+00:00","og_image":[{"width":1200,"height":675,"url":"https:\/\/www.fundacionnahuel.org\/wp-content\/uploads\/2025\/03\/Nahuel_openPgraph.jpg","type":"image\/jpeg"}],"twitter_card":"summary_large_image","schema":{"@context":"https:\/\/schema.org","@graph":[{"@type":"WebPage","@id":"https:\/\/www.fundacionnahuel.org\/es\/politica-de-privacidad\/","url":"https:\/\/www.fundacionnahuel.org\/es\/politica-de-privacidad\/","name":"Pol\u00edtica de privacidad - Fundaci\u00f3n Nahuel","isPartOf":{"@id":"https:\/\/www.fundacionnahuel.org\/es\/#website"},"datePublished":"2025-03-26T15:31:16+00:00","dateModified":"2025-03-26T15:55:36+00:00","breadcrumb":{"@id":"https:\/\/www.fundacionnahuel.org\/es\/politica-de-privacidad\/#breadcrumb"},"inLanguage":"es","potentialAction":[{"@type":"ReadAction","target":["https:\/\/www.fundacionnahuel.org\/es\/politica-de-privacidad\/"]}]},{"@type":"BreadcrumbList","@id":"https:\/\/www.fundacionnahuel.org\/es\/politica-de-privacidad\/#breadcrumb","itemListElement":[{"@type":"ListItem","position":1,"name":"Home","item":"https:\/\/www.fundacionnahuel.org\/es\/"},{"@type":"ListItem","position":2,"name":"Pol\u00edtica de privacidad"}]},{"@type":"WebSite","@id":"https:\/\/www.fundacionnahuel.org\/es\/#website","url":"https:\/\/www.fundacionnahuel.org\/es\/","name":"Fundaci\u00f3n Nahuel","description":"Transforming Lives Through Education and Care","publisher":{"@id":"https:\/\/www.fundacionnahuel.org\/es\/#organization"},"alternateName":"Nahuel","inLanguage":"es"},{"@type":"Organization","@id":"https:\/\/www.fundacionnahuel.org\/es\/#organization","name":"Fundaci\u00f3n Nahuel","alternateName":"Nahuel","url":"https:\/\/www.fundacionnahuel.org\/es\/","logo":{"@type":"ImageObject","inLanguage":"es","@id":"https:\/\/www.fundacionnahuel.org\/es\/#\/schema\/logo\/image\/","url":"https:\/\/www.fundacionnahuel.org\/wp-content\/uploads\/2025\/03\/Nahuel_Logo.jpg","contentUrl":"https:\/\/www.fundacionnahuel.org\/wp-content\/uploads\/2025\/03\/Nahuel_Logo.jpg","width":696,"height":696,"caption":"Fundaci\u00f3n Nahuel"},"image":{"@id":"https:\/\/www.fundacionnahuel.org\/es\/#\/schema\/logo\/image\/"}}]}},"_links":{"self":[{"href":"https:\/\/www.fundacionnahuel.org\/es\/wp-json\/wp\/v2\/pages\/17664","targetHints":{"allow":["GET"]}}],"collection":[{"href":"https:\/\/www.fundacionnahuel.org\/es\/wp-json\/wp\/v2\/pages"}],"about":[{"href":"https:\/\/www.fundacionnahuel.org\/es\/wp-json\/wp\/v2\/types\/page"}],"author":[{"embeddable":true,"href":"https:\/\/www.fundacionnahuel.org\/es\/wp-json\/wp\/v2\/users\/2"}],"replies":[{"embeddable":true,"href":"https:\/\/www.fundacionnahuel.org\/es\/wp-json\/wp\/v2\/comments?post=17664"}],"version-history":[{"count":1,"href":"https:\/\/www.fundacionnahuel.org\/es\/wp-json\/wp\/v2\/pages\/17664\/revisions"}],"predecessor-version":[{"id":17665,"href":"https:\/\/www.fundacionnahuel.org\/es\/wp-json\/wp\/v2\/pages\/17664\/revisions\/17665"}],"wp:attachment":[{"href":"https:\/\/www.fundacionnahuel.org\/es\/wp-json\/wp\/v2\/media?parent=17664"}],"curies":[{"name":"wp","href":"https:\/\/api.w.org\/{rel}","templated":true}]}}